{"id":984,"date":"2023-08-29T04:24:33","date_gmt":"2023-08-29T04:24:33","guid":{"rendered":"https:\/\/romcatsibiu.ro\/?page_id=984"},"modified":"2023-08-29T04:31:59","modified_gmt":"2023-08-29T04:31:59","slug":"cookie-k-sutik-hasznalata-oldalunkon","status":"publish","type":"page","link":"https:\/\/romcatsibiu.ro\/index.php\/hu\/cookie-k-sutik-hasznalata-oldalunkon\/","title":{"rendered":"Cookie-k (s\u00fctik) haszn\u00e1lata oldalunkon"},"content":{"rendered":"<div id=\"pl-984\"  class=\"panel-layout\" ><div id=\"pg-984-0\"  class=\"panel-grid panel-has-style\" ><div class=\"panel-row-style panel-row-style-for-984-0\" ><div id=\"pgc-984-0-0\"  class=\"panel-grid-cell panel-grid-cell-empty\" ><\/div><div id=\"pgc-984-0-1\"  class=\"panel-grid-cell panel-grid-cell-mobile-last\" ><div id=\"panel-984-0-1-0\" class=\"so-panel widget widget_sow-editor panel-first-child panel-last-child\" data-index=\"0\" ><div class=\"panel-widget-style panel-widget-style-for-984-0-1-0\" ><div\n\t\t\t\n\t\t\tclass=\"so-widget-sow-editor so-widget-sow-editor-base\"\n\t\t\t\n\t\t>\n<div class=\"siteorigin-widget-tinymce textwidget\">\n\t<h2>Mik a cookie-k?<\/h2>\n<p>A cookie, vagyis s\u00fcti egy olyan f\u00e1jl, (egy adatsor,) amit a weboldal l\u00e1togat\u00f3j\u00e1nak sz\u00e1m\u00edt\u00f3g\u00e9p\u00e9n, mobiltelefonj\u00e1n vagy egy\u00e9b, internetes hozz\u00e1f\u00e9r\u00e9st biztos\u00edt\u00f3 eszk\u00f6z\u00e9n hozhat l\u00e9tre a weboldalt megjelen\u00edt\u0151 program. A cookie-t a webszerver k\u00fcldi a l\u00e1togat\u00f3 b\u00f6ng\u00e9sz\u0151j\u00e9nek, majd a b\u00f6ng\u00e9sz\u0151 visszak\u00fcldi a szervernek. A s\u00fctik kiz\u00e1r\u00f3lag adatokat tartalmaznak,\u00a0vagyis\u00a0nem tartalmaznak futtathat\u00f3 \u00e1llom\u00e1nyokat, v\u00edrusokat, illetve k\u00e9mprogramokat (spyware)\u00a0\u00e9s\u00a0nem f\u00e9rnek hozz\u00e1 a felhaszn\u00e1l\u00f3 merevlemez\u00e9nek adataihoz.<br \/>\n(A s\u00fcti egy k\u00f3dolt adatsor, egy el\u00e9r\u00e9si \u00fatvonal, ami csak az adott szerverrel egy\u00fctt \u00e9rtelmezhet\u0151. Mag\u00e1t a felhaszn\u00e1l\u00f3\u00a0adatait a szerver t\u00e1rolja, nem a s\u00fcti. (Minden weboldal haszn\u00e1l s\u00fctiket.))<\/p>\n<h2>Mire haszn\u00e1lhat\u00f3ak a cookie-k?<\/h2>\n<p>Ezek a f\u00e1jlok lehet\u0151v\u00e9 teszik a felhaszn\u00e1l\u00f3 internetez\u00e9sre haszn\u00e1lt eszk\u00f6z\u00e9nek felismer\u00e9s\u00e9t, \u00edgy relev\u00e1ns, a felhaszn\u00e1l\u00f3 ig\u00e9nyeihez igaz\u00edtott tartalom megjelen\u00edt\u00e9s\u00e9t. Ilyenek p\u00e9ld\u00e1ul a kiz\u00e1r\u00f3lag felhaszn\u00e1l\u00f3i n\u00e9vvel \u00e9s jelsz\u00f3val el\u00e9rhet\u0151 oldalak, amik s\u00fctik n\u00e9lk\u00fcl nem m\u0171k\u00f6dn\u00e9nek. A s\u00fctik a felhaszn\u00e1l\u00f3 sz\u00e1m\u00e1ra egyszer\u0171bb b\u00f6ng\u00e9sz\u00e9st biztos\u00edtanak, \u00e9s el\u0151seg\u00edtik, hogy a <a href=\"https:\/\/romcatsibiu.ro\">romcatisbiu.ro<\/a> min\u00e9l k\u00e9nyelmesebb szolg\u00e1ltat\u00e1st ny\u00fajtson. \u00cdgy p\u00e9ld\u00e1ul az oldalaink \u2013 anonim \u2013 l\u00e1togat\u00f3i statisztik\u00e1inak elk\u00e9sz\u00edt\u00e9s\u00e9hez haszn\u00e1lt cookie-k, amelyek \u00e9rt\u00e9kes inform\u00e1ci\u00f3kkal szolg\u00e1lnak az romcatsibiu.ro a felhaszn\u00e1l\u00f3k oldalhaszn\u00e1lati szok\u00e1saival kapcsolatosan. A kapott statisztikai eredm\u00e9nyeket felhaszn\u00e1lva tudjuk az oldal szerkezet\u00e9t \u00e9s tartalm\u00e1t az ig\u00e9nyeknek megfelel\u0151en alak\u00edtani, mindezt a felhaszn\u00e1l\u00f3k anonimit\u00e1s\u00e1nak meg\u0151rz\u00e9se mellett.<\/p>\n<h2>Milyen cookie-kat haszn\u00e1lunk mi?<\/h2>\n<p>A romcatsibiu.ro k\u00e9tf\u00e9le s\u00fctit haszn\u00e1l: id\u0151szakosat \u00e9s \u00e1lland\u00f3t. Az id\u0151szakos s\u00fctik olyan ideiglenes f\u00e1jlok, amelyek a bejelentkezett id\u0151szak v\u00e9g\u00e9ig, vagy az alkalmaz\u00e1s (b\u00f6ng\u00e9sz\u0151) bez\u00e1r\u00e1s\u00e1ig maradnak a felhaszn\u00e1l\u00f3 eszk\u00f6z\u00e9n. Az \u00e1lland\u00f3 cookie-k pedig a param\u00e9ter\u00fckben meghat\u00e1rozott ideig, vagy manu\u00e1lis t\u00f6rl\u00e9s\u00fckig vannak jelen a felhaszn\u00e1l\u00f3 eszk\u00f6z\u00e9n.<\/p>\n<h2>Mire haszn\u00e1ljuk a cookie-kat?<\/h2>\n<p>Egy l\u00e1togat\u00e1s sor\u00e1n a weboldal a k\u00f6vetkez\u0151 c\u00e9lb\u00f3l helyezhet el cookie-kat a felhaszn\u00e1l\u00f3 internetez\u00e9sre haszn\u00e1lt eszk\u00f6z\u00e9n:<\/p>\n<ul>\n<li>Bejelentkez\u00e9s t\u00e9ny\u00e9nek r\u00f6gz\u00edt\u00e9se<\/li>\n<li>Weboldal teljes\u00edtm\u00e9nym\u00e9r\u00e9se<\/li>\n<li>B\u00f6ng\u00e9sz\u00e9s elemz\u00e9se<\/li>\n<\/ul>\n<h2>Tartalmaznak a cookie-k szem\u00e9lyes adatokat?<\/h2>\n<p>A legt\u00f6bb s\u00fcti hat\u00e9kony m\u0171k\u00f6d\u00e9s\u00e9hez semmilyen szem\u00e9lyes jelleg\u0171 adat nem sz\u00fcks\u00e9ges. Ennek megfelel\u0151en az esetek d\u00f6nt\u0151 t\u00f6bbs\u00e9g\u00e9ben a cookie nem azonos\u00edtja az adott felhaszn\u00e1l\u00f3t. Ha egyes cookie-k haszn\u00e1lata sor\u00e1n m\u00e9gis gy\u0171jt\u00fcnk szem\u00e9lyes adatokat, azokat kiz\u00e1r\u00f3lag olyan c\u00e9lb\u00f3l haszn\u00e1ljuk fel, hogy bizonyos funkci\u00f3k haszn\u00e1lat\u00e1t megk\u00f6nny\u00edts\u00fck a felhaszn\u00e1l\u00f3 sz\u00e1m\u00e1ra. Ilyen p\u00e9ld\u00e1ul, hogy a b\u00f6ng\u00e9sz\u0151d sz\u00e1m\u00e1ra\u00a0megjegyezhet\u0151v\u00e9 tessz\u00fck a bejelentkez\u00e9si adatokat vagy meg\u0151rizhet\u0151v\u00e9 tessz\u00fck\u00a0az oldalunkon a kosaradba tett term\u00e9keket. Ezek az adatok olyan m\u00f3don vannak t\u00e1rolva, hogy azokhoz jogosulatlan szem\u00e9lyek nem f\u00e9rhetnek hozz\u00e1, illetve a\u00a0cookie maga nem tartalmaz szem\u00e9lyes adatot, csak a szerveren t\u00e1rolt adatokhoz val\u00f3 el\u00e9r\u00e9si kulcsot, de ezt is k\u00f3dolt form\u00e1ban.<\/p>\n<h2>A cookie-k t\u00f6rl\u00e9se<\/h2>\n<p>A weboldalak el\u00e9r\u00e9s\u00e9hez haszn\u00e1lt b\u00f6ng\u00e9sz\u0151programok alap\u00e9rtelmezett esetben enged\u00e9lyezik a s\u00fctik elhelyez\u00e9s\u00e9t az eszk\u00f6zre. A s\u00fctik kezel\u00e9s\u00e9re vonatkoz\u00f3 inform\u00e1ci\u00f3k a b\u00f6ng\u00e9sz\u0151 be\u00e1ll\u00edt\u00e1sai k\u00f6z\u00f6tt tal\u00e1lhat\u00f3ak. Ezek a be\u00e1ll\u00edt\u00e1sok megv\u00e1ltoztathat\u00f3k \u00fagy, hogy a cookie-k automatikus kezel\u00e9s\u00e9t a b\u00f6ng\u00e9sz\u0151 blokkolja, vagy minden esetben \u00e9rtes\u00edt\u00e9st k\u00fcldj\u00f6n a felhaszn\u00e1l\u00f3nak, ha az eszk\u00f6zre cookie-t k\u00fcldtek. Fontos tudni, hogy a cookie-k haszn\u00e1lat\u00e1nak tilt\u00e1sa\/korl\u00e1toz\u00e1sa negat\u00edvan befoly\u00e1solhatja az oldal bizonyos funkci\u00f3inak m\u0171k\u00f6d\u00e9s\u00e9t, p\u00e9ld\u00e1ul a megrendel\u00e9st vagy bejelentkez\u00e9st.<\/p>\n<h2>Mi\u00e9rt fontosak a cookie-k az interneten?<\/h2>\n<p>Napjainkban az internet hat\u00e1kony m\u0171k\u00f6d\u00e9s\u00e9hez elengedhetetlenek a s\u00fctik. Hozz\u00e1seg\u00edtik a felhaszn\u00e1l\u00f3t a k\u00e9nyelmes b\u00f6ng\u00e9sz\u00e9shez az \u00e1ltaluk megismert ig\u00e9nyek \u00e9s \u00e9rdekl\u0151d\u00e9si k\u00f6r\u00f6k r\u00e9v\u00e9n, illetve olyan adatokat t\u00e1rolnak, amelyek n\u00e9lk\u00fcl a weboldalak egyes funkci\u00f3i m\u0171k\u00f6d\u00e9sk\u00e9ptelenek. A n\u00e9pszer\u0171 k\u00f6z\u00f6ss\u00e9gi oldalak (Facebook, Google+ stb.) \u00e9s az online szolg\u00e1ltat\u00e1sok (p\u00e9ld\u00e1ul a Gmail vagy a romcatsibiu.ro admin fel\u00fclete) egyszer\u0171en m\u0171k\u00f6d\u00e9sk\u00e9ptelenek a s\u00fctik haszn\u00e1lata n\u00e9lk\u00fcl.<\/p>\n<p>J\u00f3 tudni, hogy a cookie-k korl\u00e1toz\u00e1sa, vagy tilt\u00e1sa nem jelenti azt, hogy t\u00f6bb\u00e9 nem kapsz online rekl\u00e1mokat. Mind\u00f6ssze annyit \u00e9rhet\u0151 el vele, hogy a megjelen\u0151 rekl\u00e1mok nem k\u00e9pesek figyelembe venni a b\u00f6ng\u00e9sz\u00e9si szok\u00e1saidat, \u00edgy nem igazodnak az ig\u00e9nyeidhez \u00e9s az \u00e9rdekl\u0151d\u00e9si k\u00f6reidhez.<\/p>\n<h2>Biztons\u00e1ggal \u00e9s adatbiztons\u00e1ggal kapcsolatos t\u00e9nyez\u0151k<\/h2>\n<p>A cookie-k NEM v\u00edrusok! A cookie-k egyszer\u0171 sz\u00f6veget t\u00e1rolnak, nem k\u00f3dr\u00e9szletekb\u0151l \u00e1llnak, \u00edgy nem futtathat\u00f3k, ez\u00e9rt\u00a0nem tekinthet\u0151ek programoknak, \u00edgy v\u00edrusoknak sem.<\/p>\n<p>Fontos azonban kiemelni, hogy a s\u00fctik haszn\u00e1lhat\u00f3k negat\u00edv c\u00e9lokra is, mivel a felhaszn\u00e1l\u00f3 ig\u00e9nyeire \u00e9s navig\u00e1l\u00e1si el\u0151zm\u00e9nyeire vonatkoz\u00f3 inform\u00e1ci\u00f3kat t\u00e1rolnak. A cookie-kon kereszt\u00fcl folyamatosan \u00e1ramlik az inform\u00e1ci\u00f3 a weboldal \u00e9s a b\u00f6ng\u00e9sz\u0151 k\u00f6z\u00f6tt mindk\u00e9t ir\u00e1nyba, \u00edgy ha egy t\u00e1mad\u00f3 (hacker) beavatkozik az adattov\u00e1bb\u00edt\u00e1sba, \u00fagy a s\u00fcti \u00e1ltal t\u00e1rolt inform\u00e1ci\u00f3k lek\u00f6vethet\u0151k.<\/p>\n<p>A a romcatsibiu.ro weboldal nagy biztons\u00e1g\u00fa SSL titkos\u00edt\u00e1ssal k\u00f3doltak. Ezt a b\u00f6ng\u00e9sz\u0151 c\u00edmsor\u00e1ban (ahol az aktu\u00e1lis oldal el\u00e9r\u00e9se megjelenik) megjelen\u0151 kis z\u00e1rt lakat jelzi, amely egyes b\u00f6ng\u00e9sz\u0151kben z\u00f6ld sz\u00edn\u0171. A titkos\u00edt\u00e1snak k\u00f6sz\u00f6nhet\u0151en az adatov\u00e1bb\u00edt\u00e1sba beavatkoz\u00f3 illet\u00e9ktelen nem l\u00e1thatja a kommunik\u00e1ci\u00f3t, \u00edgy a cookie-kat sem.<\/p>\n<h2>Szabd\u00a0szem\u00e9lyre a b\u00f6ng\u00e9sz\u0151d cookie be\u00e1ll\u00edt\u00e1sait!<\/h2>\n<p>A korszer\u0171 b\u00f6ng\u00e9sz\u0151k mindegyike alkalmas arra, hogy szem\u00e9lyre szabhasd a b\u00f6ng\u00e9sz\u0151 be\u00e1ll\u00edt\u00e1sait a cookie-kra vonatkoz\u00f3an, \u00fagy, hogy a s\u00fctik haszn\u00e1lata mellett sz\u00e1modra m\u00e9g k\u00e9nyelmes internetez\u00e9st biztos\u00edtva is biztons\u00e1gos legyen. Ha a sz\u00e1m\u00edt\u00f3g\u00e9pedet csak te\u00a0haszn\u00e1lod, akkor\u00a0hosszabb lej\u00e1rati id\u0151t is be\u00e1ll\u00edthatsz a b\u00f6ng\u00e9sz\u00e9si el\u0151zm\u00e9nyek r\u00f6gz\u00edt\u00e9s\u00e9re, illetve a szem\u00e9lyes adatok t\u00e1rol\u00e1s\u00e1ra vonatkoz\u00f3an.<\/p>\n<p>Amennyiben sz\u00e1m\u00edt\u00f3g\u00e9pedet m\u00e1sokkal megosztva haszn\u00e1lod, (p\u00e9ld\u00e1ul egy internet k\u00e1v\u00e9z\u00f3ban), akkor \u00e9rdemes a b\u00f6ng\u00e9sz\u0151 \u00e1ltal megjegyzett adatokat minden egyes haszn\u00e1latot k\u00f6vet\u0151en t\u00f6r\u00f6lni, vagy \u201einkognit\u00f3\u201d ablakot haszn\u00e1lni a b\u00f6ng\u00e9sz\u00e9shez. \u00cdgy\u00a0lehet\u0151s\u00e9ged van arra, hogy biztons\u00e1gos keretek k\u00f6z\u00f6tt l\u00e1togass meg olyan oldalakat, melyek cookie-kat helyeznek el a g\u00e9pen.<\/p>\n<p>Rendszeresen friss\u00edtsd a k\u00e9mprogramok elleni programokat \u00e9s v\u00edruskeres\u0151ket! Sok esetben a k\u00e9mprogramok ellen v\u00e9d\u0151 szoftverek val\u00f3s id\u0151ben figyelik a b\u00f6ng\u00e9sz\u00e9st \u00e9s figyelmeztetnek, amennyiben nem biztons\u00e1gos oldalt k\u00edv\u00e1n bet\u00f6lteni a felhaszn\u00e1l\u00f3.<\/p>\n<p>A t\u00e1mad\u00e1sok jelent\u0151s h\u00e1nyada a b\u00f6ng\u00e9sz\u0151 biztons\u00e1gi r\u00e9sein kereszt\u00fcl t\u00f6rt\u00e9nik. Min\u00e9l r\u00e9gebbi verzi\u00f3j\u00fa egy b\u00f6ng\u00e9sz\u0151, ann\u00e1l t\u00f6bb ilyen gyenge pont tal\u00e1lhat\u00f3 meg benne. Mindig telep\u00edtsd a b\u00f6ng\u00e9sz\u0151d legfrissebb verzi\u00f3j\u00e1t! \u00c9rdemes havonta legal\u00e1bb egyszer ut\u00e1nan\u00e9zni, hogy nincs-e frissebb verzi\u00f3 a b\u00f6ng\u00e9sz\u0151b\u0151l.<\/p>\n<h2>Tov\u00e1bbi hasznos linkek<\/h2>\n<p>Az al\u00e1bbi oldalakon t\u00f6bbet is megtudhatsz a cookie-kr\u00f3l, azok felhaszn\u00e1l\u00e1s\u00e1r\u00f3l \u00e9s a vonatkoz\u00f3 t\u00f6rv\u00e9nyr\u0151l.<\/p>\n<ul>\n<li><a href=\"https:\/\/www.google.com\/policies\/technologies\/cookies\/\" target=\"_blank\" rel=\"noopener nofollow external noreferrer\" data-wpel-link=\"external\">Hogyan haszn\u00e1lja a Google a cookie-kat?<\/a><\/li>\n<li><a href=\"https:\/\/hu.wikipedia.org\/wiki\/HTTP-s%C3%BCti\" target=\"_blank\" rel=\"noopener nofollow external noreferrer\" data-wpel-link=\"external\">Wikipedia a s\u00fctikr\u0151l<\/a><\/li>\n<li><a href=\"http:\/\/www.microsoft.com\/info\/cookies.mspx\" target=\"_blank\" rel=\"noopener nofollow external noreferrer\" data-wpel-link=\"external\">Microsoft Cookies guide<\/a><\/li>\n<li><a href=\"http:\/\/www.allaboutcookies.org\/\" target=\"_blank\" rel=\"noopener nofollow external noreferrer\" data-wpel-link=\"external\">All About Cookies<\/a><\/li>\n<li><a href=\"http:\/\/www.allaboutcookies.org\/\" target=\"_blank\" rel=\"noopener nofollow external noreferrer\" data-wpel-link=\"external\">Online adatv\u00e9delmi \u00e9s viselked\u00e9s alap\u00fa hirdet\u00e9si \u00fatmutat\u00f3<\/a><\/li>\n<li><a href=\"http:\/\/www.jogiforum.hu\/files\/publikaciok\/domokos_marton__sutiszorny_megerkezett[jogi_forum].pdf\" target=\"_blank\" rel=\"noopener nofollow external noreferrer\" data-wpel-link=\"external\">Jogi f\u00f3rum a s\u00fctikr\u0151l<\/a><\/li>\n<li><a href=\"http:\/\/net.jogtar.hu\/jr\/gen\/hjegy_doc.cgi?docid=A0300100.TV#lbj538id29cd\" target=\"_blank\" rel=\"noopener nofollow external noreferrer\" data-wpel-link=\"external\">2003. \u00e9vi C. t\u00f6rv\u00e9ny\u00a0az elektronikus h\u00edrk\u00f6zl\u00e9sr\u0151l\u00a0155. \u00a7<\/a><\/li>\n<\/ul>\n<p>Ha k\u00e9rd\u00e9sed van a s\u00fctikkel\u00a0kapcsolatban, keresd meg az \u00fcgyf\u00e9lszolg\u00e1latunkat telefonon, e-mailben, vagy az oldalunkon tal\u00e1lhat\u00f3 chaten kereszt\u00fcl, sz\u00edvesen v\u00e1laszolunk!<\/p>\n<\/div>\n<\/div><\/div><\/div><\/div><div id=\"pgc-984-0-2\"  class=\"panel-grid-cell panel-grid-cell-empty\" ><\/div><\/div><\/div><\/div>","protected":false},"excerpt":{"rendered":"<p>Mik a cookie-k? A cookie, vagyis s\u00fcti egy olyan f\u00e1jl, (egy adatsor,) amit a weboldal l\u00e1togat\u00f3j\u00e1nak sz\u00e1m\u00edt\u00f3g\u00e9p\u00e9n, mobiltelefonj\u00e1n vagy egy\u00e9b, internetes hozz\u00e1f\u00e9r\u00e9st biztos\u00edt\u00f3 eszk\u00f6z\u00e9n hozhat l\u00e9tre a weboldalt megjelen\u00edt\u0151 program. A cookie-t a webszerver k\u00fcldi a l\u00e1togat\u00f3 b\u00f6ng\u00e9sz\u0151j\u00e9nek, majd a b\u00f6ng\u00e9sz\u0151 visszak\u00fcldi a szervernek. A s\u00fctik kiz\u00e1r\u00f3lag adatokat tartalmaznak,\u00a0vagyis\u00a0nem tartalmaznak futtathat\u00f3 \u00e1llom\u00e1nyokat, v\u00edrusokat, illetve k\u00e9mprogramokat [&hellip;]<\/p>\n","protected":false},"author":1,"featured_media":0,"parent":0,"menu_order":0,"comment_status":"closed","ping_status":"closed","template":"","meta":{"om_disable_all_campaigns":false,"_monsterinsights_skip_tracking":false,"_monsterinsights_sitenote_active":false,"_monsterinsights_sitenote_note":"","_monsterinsights_sitenote_category":0,"footnotes":""},"class_list":["post-984","page","type-page","status-publish","hentry","post"],"aioseo_notices":[],"_links":{"self":[{"href":"https:\/\/romcatsibiu.ro\/index.php\/wp-json\/wp\/v2\/pages\/984","targetHints":{"allow":["GET"]}}],"collection":[{"href":"https:\/\/romcatsibiu.ro\/index.php\/wp-json\/wp\/v2\/pages"}],"about":[{"href":"https:\/\/romcatsibiu.ro\/index.php\/wp-json\/wp\/v2\/types\/page"}],"author":[{"embeddable":true,"href":"https:\/\/romcatsibiu.ro\/index.php\/wp-json\/wp\/v2\/users\/1"}],"replies":[{"embeddable":true,"href":"https:\/\/romcatsibiu.ro\/index.php\/wp-json\/wp\/v2\/comments?post=984"}],"version-history":[{"count":2,"href":"https:\/\/romcatsibiu.ro\/index.php\/wp-json\/wp\/v2\/pages\/984\/revisions"}],"predecessor-version":[{"id":986,"href":"https:\/\/romcatsibiu.ro\/index.php\/wp-json\/wp\/v2\/pages\/984\/revisions\/986"}],"wp:attachment":[{"href":"https:\/\/romcatsibiu.ro\/index.php\/wp-json\/wp\/v2\/media?parent=984"}],"curies":[{"name":"wp","href":"https:\/\/api.w.org\/{rel}","templated":true}]}}