{"id":1247,"date":"2023-09-22T08:38:18","date_gmt":"2023-09-22T08:38:18","guid":{"rendered":"https:\/\/romcatsibiu.ro\/?page_id=1247"},"modified":"2023-09-22T08:46:03","modified_gmt":"2023-09-22T08:46:03","slug":"datenschutzrichtlinie","status":"publish","type":"page","link":"https:\/\/romcatsibiu.ro\/index.php\/de\/datenschutzrichtlinie\/","title":{"rendered":"Datenschutzrichtlinie"},"content":{"rendered":"<div id=\"pl-1247\"  class=\"panel-layout\" ><div id=\"pg-1247-0\"  class=\"panel-grid panel-has-style\" ><div class=\"panel-row-style panel-row-style-for-1247-0\" ><div id=\"pgc-1247-0-0\"  class=\"panel-grid-cell panel-grid-cell-empty\" ><\/div><div id=\"pgc-1247-0-1\"  class=\"panel-grid-cell panel-grid-cell-mobile-last\" ><div id=\"panel-1247-0-1-0\" class=\"so-panel widget widget_sow-editor panel-first-child panel-last-child\" data-index=\"0\" ><div class=\"panel-widget-style panel-widget-style-for-1247-0-1-0\" ><div\n\t\t\t\n\t\t\tclass=\"so-widget-sow-editor so-widget-sow-editor-base\"\n\t\t\t\n\t\t>\n<div class=\"siteorigin-widget-tinymce textwidget\">\n\t<h3>Datenschutzrichtlinie<\/h3>\n<p>Wir verpflichten uns, Ihre personenbezogenen Daten auf verantwortungsvolle, transparente und sichere Weise zu rechtm\u00e4\u00dfigen Zwecken zu verarbeiten, die im Inhalt dieser Informationen genannt werden, und die geltenden Rechtsvorschriften zum Schutz personenbezogener Daten einzuhalten. Der Inhalt der Datenschutzrichtlinie wurde in \u00dcbereinstimmung mit der geltenden Gesetzgebung erstellt, sie hat eine informative Funktion und beeintr\u00e4chtigt nicht die Rechte, die sie Ihnen bietet. Mit diesem Dokument m\u00f6chten wir Ihnen ein klares Bild davon vermitteln, wie wir Ihre personenbezogenen Daten und Ihre Rechte verarbeiten. Zum leichteren Lesen unserer Datenschutzrichtlinie finden Sie unten die wichtigsten Begriffe und Definitionen gem\u00e4\u00df der EU-Verordnung 679\/2016:<\/p>\n<p>\u201ePersonenbezogene Daten\u201c sind alle Informationen, die sich auf eine identifizierte oder identifizierbare nat\u00fcrliche Person (\u201ebetroffene Person\u201c) beziehen; Eine identifizierbare nat\u00fcrliche Person ist eine Person, die direkt oder indirekt, insbesondere durch Bezugnahme auf eine Kennung wie einen Namen, eine Kennnummer, Standortdaten, eine Online-Kennung oder auf ein oder mehrere spezifische Elemente identifiziert werden kann seine physische, physiologische, genetische, psychologische, wirtschaftliche, kulturelle oder soziale Identit\u00e4t; \u201eBesondere Kategorien personenbezogener Daten\u201c (sensible Daten) sind solche Daten, die Aufschluss \u00fcber die rassische oder ethnische Herkunft, politische Meinungen, religi\u00f6se Konfession oder philosophische \u00dcberzeugungen oder Gewerkschaftszugeh\u00f6rigkeit geben sowie die Verarbeitung genetischer Daten, barometrischer Daten zur eindeutigen Identifizierung einer Person physisch . \u201eVerarbeitung\u201c ist jeder mit oder ohne Hilfe automatisierter Verfahren ausgef\u00fchrte Vorgang oder jede solche Vorgangsreihe im Zusammenhang mit personenbezogenen Daten wie das Erheben, das Erfassen, die Organisation, das Ordnen, die Speicherung, die Anpassung oder Ver\u00e4nderung, das Extrahieren, das Abfragen oder die Verwendung , durch \u00dcbermittlung offenlegen, verbreiten oder sonst zug\u00e4nglich machen, abgleichen oder zusammenfassen, einschr\u00e4nken, l\u00f6schen oder vernichten; \u201eEinwilligung\u201c der betroffenen Person ist jede \u00c4u\u00dferung des freien, bestimmten, informierten und eindeutigen Willens der betroffenen Person, mit der sie durch eine eindeutige Erkl\u00e4rung oder Handlung die Verarbeitung der sie betreffenden personenbezogenen Daten akzeptiert;<\/p>\n<p>Die \u201eAufsichtsbeh\u00f6rde f\u00fcr die Verarbeitung personenbezogener Daten\u201c ist eine unabh\u00e4ngige Beh\u00f6rde, die laut Gesetz \u00fcber Befugnisse zur \u00dcberwachung der Einhaltung der Rechtsvorschriften zum Schutz personenbezogener Daten verf\u00fcgt. In Rum\u00e4nien ist diese Aufsichtsbeh\u00f6rde f\u00fcr die Verarbeitung personenbezogener Daten die Nationale Beh\u00f6rde f\u00fcr die \u00dcberwachung der Verarbeitung personenbezogener Daten (ANSPDCP).<br \/>\nDie personenbezogenen Daten, die wir \u00fcber die Website <a href=\"https:\/\/www.romcatsibiu.ro\">www.romcatsibiu.ro<\/a> verarbeiten, sind die \u00fcber das Kontaktformular erhaltenen Daten, n\u00e4mlich Name, Telefonnummer, E-Mail-Adresse und nicht zuletzt der Inhalt der an uns gesendeten Nachricht.<br \/>\nVon Ihnen erhaltene Nachrichten werden ca. 5\u201310 Jahre lang gespeichert und anschlie\u00dfend gel\u00f6scht.<br \/>\nSicherheit personenbezogener Daten: Die verantwortungsvolle und sichere Verarbeitung Ihrer personenbezogenen Daten hat f\u00fcr uns Priorit\u00e4t. Aus diesem Grund haben wir technische und organisatorische Ma\u00dfnahmen umgesetzt, um die Sicherheit personenbezogener Daten zu gew\u00e4hrleisten, darunter: Beschr\u00e4nkung des Zugriffs unserer Mitarbeiter und Mitarbeiter auf Ihre Daten, Umsetzung von Richtlinien und speziellen technischen Ma\u00dfnahmen, Backups und Audits, regelm\u00e4\u00dfige Sicherheits\u00fcberpr\u00fcfungen, deren Verschl\u00fcsselung und Anonymisierung.<br \/>\nObwohl wir alle angemessenen Ma\u00dfnahmen ergreifen, um die Sicherheit Ihrer Daten zu gew\u00e4hrleisten, k\u00f6nnen wir nicht garantieren, dass keine Sicherheitsverletzung vorliegt oder dass kein Eindringen in Sicherheitssysteme m\u00f6glich ist. F\u00fcr den ungl\u00fccklichen und unwahrscheinlichen Fall, dass es zu einem solchen Versto\u00df kommt, werden wir gesetzliche Verfahren befolgen, um die Auswirkungen zu begrenzen und die betroffenen Personen innerhalb von maximal 48 Stunden nach dem Vorfall zu informieren, wenn ein m\u00f6glicher Versto\u00df ihnen Schaden zuf\u00fcgen k\u00f6nnte.<br \/>\nSchlussbestimmungen: Durch die \u00c4u\u00dferung Ihres freien, informierten und unmissverst\u00e4ndlichen Willens, durch eine Erkl\u00e4rung oder durch eine unmissverst\u00e4ndliche Handlung zur Bereitstellung Ihrer personenbezogenen Daten erteilen Sie uns Ihre Einwilligung zur Verarbeitung Ihrer personenbezogenen Daten wie oben beschrieben. Hinsichtlich der Verarbeitung personenbezogener Daten von Kindern m\u00fcssen diese mindestens 16 Jahre alt sein, um ihre Einwilligung zu erteilen, bei Kindern unter 16 Jahren ist die Zustimmung des Tr\u00e4gers der elterlichen Verantwortung erforderlich.<br \/>\nSie sind nicht verpflichtet, uns Ihre in diesem Dokument genannten personenbezogenen Daten zur Verf\u00fcgung zu stellen. Wenn Sie uns die genannten Daten jedoch nicht oder unrichtig zur Verf\u00fcgung stellen, ist eine Beantwortung Ihrer Nachrichten f\u00fcr uns nicht m\u00f6glich.<\/p>\n<\/div>\n<\/div><\/div><\/div><\/div><div id=\"pgc-1247-0-2\"  class=\"panel-grid-cell panel-grid-cell-empty\" ><\/div><\/div><\/div><\/div>","protected":false},"excerpt":{"rendered":"<p>Datenschutzrichtlinie Wir verpflichten uns, Ihre personenbezogenen Daten auf verantwortungsvolle, transparente und sichere Weise zu rechtm\u00e4\u00dfigen Zwecken zu verarbeiten, die im Inhalt dieser Informationen genannt werden, und die geltenden Rechtsvorschriften zum Schutz personenbezogener Daten einzuhalten. Der Inhalt der Datenschutzrichtlinie wurde in \u00dcbereinstimmung mit der geltenden Gesetzgebung erstellt, sie hat eine informative Funktion und beeintr\u00e4chtigt nicht die [&hellip;]<\/p>\n","protected":false},"author":1,"featured_media":0,"parent":0,"menu_order":0,"comment_status":"closed","ping_status":"closed","template":"","meta":{"om_disable_all_campaigns":false,"_monsterinsights_skip_tracking":false,"_monsterinsights_sitenote_active":false,"_monsterinsights_sitenote_note":"","_monsterinsights_sitenote_category":0,"footnotes":""},"class_list":["post-1247","page","type-page","status-publish","hentry","post"],"aioseo_notices":[],"_links":{"self":[{"href":"https:\/\/romcatsibiu.ro\/index.php\/wp-json\/wp\/v2\/pages\/1247","targetHints":{"allow":["GET"]}}],"collection":[{"href":"https:\/\/romcatsibiu.ro\/index.php\/wp-json\/wp\/v2\/pages"}],"about":[{"href":"https:\/\/romcatsibiu.ro\/index.php\/wp-json\/wp\/v2\/types\/page"}],"author":[{"embeddable":true,"href":"https:\/\/romcatsibiu.ro\/index.php\/wp-json\/wp\/v2\/users\/1"}],"replies":[{"embeddable":true,"href":"https:\/\/romcatsibiu.ro\/index.php\/wp-json\/wp\/v2\/comments?post=1247"}],"version-history":[{"count":4,"href":"https:\/\/romcatsibiu.ro\/index.php\/wp-json\/wp\/v2\/pages\/1247\/revisions"}],"predecessor-version":[{"id":1252,"href":"https:\/\/romcatsibiu.ro\/index.php\/wp-json\/wp\/v2\/pages\/1247\/revisions\/1252"}],"wp:attachment":[{"href":"https:\/\/romcatsibiu.ro\/index.php\/wp-json\/wp\/v2\/media?parent=1247"}],"curies":[{"name":"wp","href":"https:\/\/api.w.org\/{rel}","templated":true}]}}